{"id":32,"date":"2026-02-10T08:01:33","date_gmt":"2026-02-10T08:01:33","guid":{"rendered":"https:\/\/netzachdesigns.com\/index.php\/mon-compte\/"},"modified":"2026-03-24T19:48:52","modified_gmt":"2026-03-24T19:48:52","slug":"my-account","status":"publish","type":"page","link":"https:\/\/netzachdesigns.com\/he\/my-account\/","title":{"rendered":"\u05d4\u05d7\u05e9\u05d1\u05d5\u05df \u05e9\u05dc\u05d9"},"content":{"rendered":"<div data-elementor-type=\"wp-page\" data-elementor-id=\"32\" class=\"elementor elementor-32\" data-elementor-post-type=\"page\">\n\t\t\t\t<div class=\"elementor-element elementor-element-3266eafa e-flex e-con-boxed e-con e-parent\" data-id=\"3266eafa\" data-element_type=\"container\" data-e-type=\"container\">\n\t\t\t\t\t<div class=\"e-con-inner\">\n\t\t\t\t<div class=\"elementor-element elementor-element-649a88e elementor-widget elementor-widget-woocommerce-breadcrumb\" data-id=\"649a88e\" data-element_type=\"widget\" data-e-type=\"widget\" data-widget_type=\"woocommerce-breadcrumb.default\">\n\t\t\t\t\t<nav class=\"woocommerce-breadcrumb\" aria-label=\"Breadcrumb\" data-no-translation=\"\" data-trp-gettext=\"\">\u05e2\u05de\u05d5\u05d3 \u05d4\u05d1\u05d9\u05ea<\/nav>\t\t\t\t<\/div>\n\t\t\t\t<div class=\"elementor-element elementor-element-17661331 e-my-account-tabs-vertical elementor-widget elementor-widget-woocommerce-my-account\" data-id=\"17661331\" data-element_type=\"widget\" data-e-type=\"widget\" data-settings=\"{&quot;forms_buttons_hover_animation&quot;:&quot;grow&quot;}\" data-widget_type=\"woocommerce-my-account.default\">\n\t\t\t\t\t<div class=\"e-my-account-tab e-my-account-tab__\">\t\t\t<div class=\"woocommerce\"><\/div>\t\t<\/div>\n\t\t\t\t\t\t<\/div>\n\t\t\t\t\t<\/div>\n\t\t\t\t<\/div>\n\t\t\t\t<\/div>","protected":false},"excerpt":{"rendered":"<p>Dashboard Orders Downloads Adresses Account details Log out Bonjour keren (vous n\u2019\u00eates pas keren\u00a0? D\u00e9connexion) \u00c0 partir du tableau de bord de votre compte, vous pouvez visualiser vos commandes r\u00e9centes, g\u00e9rer vos adresses de livraison et de facturation ainsi que changer votre mot de passe et les d\u00e9tails de votre compte.<\/p>","protected":false},"author":1,"featured_media":0,"parent":0,"menu_order":0,"comment_status":"closed","ping_status":"closed","template":"","meta":{"footnotes":""},"class_list":["post-32","page","type-page","status-publish","hentry"],"yoast_head":"<!-- This site is optimized with the Yoast SEO plugin v27.5 - https:\/\/yoast.com\/product\/yoast-seo-wordpress\/ -->\n<title>My account - netzach designs<\/title>\n<meta name=\"robots\" content=\"index, follow, max-snippet:-1, max-image-preview:large, max-video-preview:-1\" \/>\n<link rel=\"canonical\" href=\"https:\/\/netzachdesigns.com\/he\/my-account\/\" \/>\n<meta property=\"og:locale\" content=\"he_IL\" \/>\n<meta property=\"og:type\" content=\"article\" \/>\n<meta property=\"og:title\" content=\"My account - netzach designs\" \/>\n<meta property=\"og:description\" content=\"Dashboard Orders Downloads Adresses Account details Log out Bonjour keren (vous n\u2019\u00eates pas keren\u00a0? D\u00e9connexion) \u00c0 partir du tableau de bord de votre compte, vous pouvez visualiser vos commandes r\u00e9centes, g\u00e9rer vos adresses de livraison et de facturation ainsi que changer votre mot de passe et les d\u00e9tails de votre compte.\" \/>\n<meta property=\"og:url\" content=\"https:\/\/netzachdesigns.com\/he\/my-account\/\" \/>\n<meta property=\"og:site_name\" content=\"netzach designs\" \/>\n<meta property=\"article:modified_time\" content=\"2026-03-24T19:48:52+00:00\" \/>\n<meta name=\"twitter:card\" content=\"summary_large_image\" \/>\n<script type=\"application\/ld+json\" class=\"yoast-schema-graph\">{\"@context\":\"https:\\\/\\\/schema.org\",\"@graph\":[{\"@type\":\"WebPage\",\"@id\":\"https:\\\/\\\/netzachdesigns.com\\\/my-account\\\/\",\"url\":\"https:\\\/\\\/netzachdesigns.com\\\/my-account\\\/\",\"name\":\"My account - netzach designs\",\"isPartOf\":{\"@id\":\"https:\\\/\\\/netzachdesigns.com\\\/#website\"},\"datePublished\":\"2026-02-10T08:01:33+00:00\",\"dateModified\":\"2026-03-24T19:48:52+00:00\",\"breadcrumb\":{\"@id\":\"https:\\\/\\\/netzachdesigns.com\\\/my-account\\\/#breadcrumb\"},\"inLanguage\":\"he-IL\",\"potentialAction\":[{\"@type\":\"ReadAction\",\"target\":[\"https:\\\/\\\/netzachdesigns.com\\\/my-account\\\/\"]}]},{\"@type\":\"BreadcrumbList\",\"@id\":\"https:\\\/\\\/netzachdesigns.com\\\/my-account\\\/#breadcrumb\",\"itemListElement\":[{\"@type\":\"ListItem\",\"position\":1,\"name\":\"Accueil\",\"item\":\"https:\\\/\\\/netzachdesigns.com\\\/\"},{\"@type\":\"ListItem\",\"position\":2,\"name\":\"My account\"}]},{\"@type\":\"WebSite\",\"@id\":\"https:\\\/\\\/netzachdesigns.com\\\/#website\",\"url\":\"https:\\\/\\\/netzachdesigns.com\\\/\",\"name\":\"netzach designs\",\"description\":\"\",\"publisher\":{\"@id\":\"https:\\\/\\\/netzachdesigns.com\\\/#organization\"},\"potentialAction\":[{\"@type\":\"SearchAction\",\"target\":{\"@type\":\"EntryPoint\",\"urlTemplate\":\"https:\\\/\\\/netzachdesigns.com\\\/?s={search_term_string}\"},\"query-input\":{\"@type\":\"PropertyValueSpecification\",\"valueRequired\":true,\"valueName\":\"search_term_string\"}}],\"inLanguage\":\"he-IL\"},{\"@type\":\"Organization\",\"@id\":\"https:\\\/\\\/netzachdesigns.com\\\/#organization\",\"name\":\"netzach designs\",\"url\":\"https:\\\/\\\/netzachdesigns.com\\\/\",\"logo\":{\"@type\":\"ImageObject\",\"inLanguage\":\"he-IL\",\"@id\":\"https:\\\/\\\/netzachdesigns.com\\\/#\\\/schema\\\/logo\\\/image\\\/\",\"url\":\"https:\\\/\\\/netzachdesigns.com\\\/wp-content\\\/uploads\\\/2026\\\/02\\\/Netzach-9.png\",\"contentUrl\":\"https:\\\/\\\/netzachdesigns.com\\\/wp-content\\\/uploads\\\/2026\\\/02\\\/Netzach-9.png\",\"width\":500,\"height\":500,\"caption\":\"netzach designs\"},\"image\":{\"@id\":\"https:\\\/\\\/netzachdesigns.com\\\/#\\\/schema\\\/logo\\\/image\\\/\"},\"sameAs\":[\"https:\\\/\\\/www.instagram.com\\\/netzach_designs\\\/?hl=fr\"]}]}<\/script>\n<!-- \/ Yoast SEO plugin. -->","yoast_head_json":{"title":"My account - netzach designs","robots":{"index":"index","follow":"follow","max-snippet":"max-snippet:-1","max-image-preview":"max-image-preview:large","max-video-preview":"max-video-preview:-1"},"canonical":"https:\/\/netzachdesigns.com\/he\/my-account\/","og_locale":"he_IL","og_type":"article","og_title":"My account - netzach designs","og_description":"Dashboard Orders Downloads Adresses Account details Log out Bonjour keren (vous n\u2019\u00eates pas keren\u00a0? D\u00e9connexion) \u00c0 partir du tableau de bord de votre compte, vous pouvez visualiser vos commandes r\u00e9centes, g\u00e9rer vos adresses de livraison et de facturation ainsi que changer votre mot de passe et les d\u00e9tails de votre compte.","og_url":"https:\/\/netzachdesigns.com\/he\/my-account\/","og_site_name":"netzach designs","article_modified_time":"2026-03-24T19:48:52+00:00","twitter_card":"summary_large_image","schema":{"@context":"https:\/\/schema.org","@graph":[{"@type":"WebPage","@id":"https:\/\/netzachdesigns.com\/my-account\/","url":"https:\/\/netzachdesigns.com\/my-account\/","name":"My account - netzach designs","isPartOf":{"@id":"https:\/\/netzachdesigns.com\/#website"},"datePublished":"2026-02-10T08:01:33+00:00","dateModified":"2026-03-24T19:48:52+00:00","breadcrumb":{"@id":"https:\/\/netzachdesigns.com\/my-account\/#breadcrumb"},"inLanguage":"he-IL","potentialAction":[{"@type":"ReadAction","target":["https:\/\/netzachdesigns.com\/my-account\/"]}]},{"@type":"BreadcrumbList","@id":"https:\/\/netzachdesigns.com\/my-account\/#breadcrumb","itemListElement":[{"@type":"ListItem","position":1,"name":"Accueil","item":"https:\/\/netzachdesigns.com\/"},{"@type":"ListItem","position":2,"name":"My account"}]},{"@type":"WebSite","@id":"https:\/\/netzachdesigns.com\/#website","url":"https:\/\/netzachdesigns.com\/","name":"netzach designs","description":"","publisher":{"@id":"https:\/\/netzachdesigns.com\/#organization"},"potentialAction":[{"@type":"SearchAction","target":{"@type":"EntryPoint","urlTemplate":"https:\/\/netzachdesigns.com\/?s={search_term_string}"},"query-input":{"@type":"PropertyValueSpecification","valueRequired":true,"valueName":"search_term_string"}}],"inLanguage":"he-IL"},{"@type":"Organization","@id":"https:\/\/netzachdesigns.com\/#organization","name":"netzach designs","url":"https:\/\/netzachdesigns.com\/","logo":{"@type":"ImageObject","inLanguage":"he-IL","@id":"https:\/\/netzachdesigns.com\/#\/schema\/logo\/image\/","url":"https:\/\/netzachdesigns.com\/wp-content\/uploads\/2026\/02\/Netzach-9.png","contentUrl":"https:\/\/netzachdesigns.com\/wp-content\/uploads\/2026\/02\/Netzach-9.png","width":500,"height":500,"caption":"netzach designs"},"image":{"@id":"https:\/\/netzachdesigns.com\/#\/schema\/logo\/image\/"},"sameAs":["https:\/\/www.instagram.com\/netzach_designs\/?hl=fr"]}]}},"_links":{"self":[{"href":"https:\/\/netzachdesigns.com\/he\/wp-json\/wp\/v2\/pages\/32","targetHints":{"allow":["GET"]}}],"collection":[{"href":"https:\/\/netzachdesigns.com\/he\/wp-json\/wp\/v2\/pages"}],"about":[{"href":"https:\/\/netzachdesigns.com\/he\/wp-json\/wp\/v2\/types\/page"}],"author":[{"embeddable":true,"href":"https:\/\/netzachdesigns.com\/he\/wp-json\/wp\/v2\/users\/1"}],"replies":[{"embeddable":true,"href":"https:\/\/netzachdesigns.com\/he\/wp-json\/wp\/v2\/comments?post=32"}],"version-history":[{"count":70,"href":"https:\/\/netzachdesigns.com\/he\/wp-json\/wp\/v2\/pages\/32\/revisions"}],"predecessor-version":[{"id":1820,"href":"https:\/\/netzachdesigns.com\/he\/wp-json\/wp\/v2\/pages\/32\/revisions\/1820"}],"wp:attachment":[{"href":"https:\/\/netzachdesigns.com\/he\/wp-json\/wp\/v2\/media?parent=32"}],"curies":[{"name":"wp","href":"https:\/\/api.w.org\/{rel}","templated":true}]}}